{"id":74,"date":"2015-06-02T20:14:21","date_gmt":"2015-06-02T20:14:21","guid":{"rendered":"http:\/\/coopyfrutas.com\/?page_id=74"},"modified":"2015-08-06T08:53:01","modified_gmt":"2015-08-06T11:53:01","slug":"faq","status":"publish","type":"page","link":"https:\/\/coopyfrutas.com\/es\/faq\/","title":{"rendered":"PF"},"content":{"rendered":"<p><strong>\u00bfEn que mercados operamos?<br \/>\n<\/strong>Actualmente, Coopyfrutas opera en mercados nacionales, Ingl\u00e9s, Europa del Norte y el Mediterr\u00e1neo.<\/p>\n<p><strong>\u00bfA la vista de la producci\u00f3n total, que porcentaje aproximado est\u00e1 dirigida a la exportaci\u00f3n y el mercado interno?<br \/>\n<\/strong>Aproximadamente 60% de la producci\u00f3n total se destina a la exportaci\u00f3n y el 40% para el mercado interno.<\/p>\n<p><strong>\u00bfCu\u00e1l es la capacidad de almacenamiento en c\u00e1maras frigor\u00edficas?<br \/>\n<\/strong>Nuestras c\u00e1maras frigor\u00edficas tienen una capacidad total de alrededor de 300 pallets.<\/p>\n<p><strong>\u00bfCu\u00e1l es la capacidad de almacenamiento de variedades calientes?<br \/>\n<\/strong>Nuestra capacidad de almacenamiento de variedades caliente es aproximadamente 300 pallets.<\/p>\n<p><strong>\u00bfCu\u00e1l es el \u00e1rea anual de siembra de Coopyfrutas?<br \/>\n<\/strong>El \u00e1rea anual de siembra de Coopyfrutas es de aproximadamente 1.500 hect\u00e1reas.<\/p>\n<p><strong>\u00bfQue puertos y compa\u00f1\u00edas navieras utiliza Coopyfrutas?<br \/>\n<\/strong>Para exportar el Coopyfrutas contrata las navieras Maersk y CMA CGM, a trav\u00e9s de los puertos de Pec\u00e9m, Mucuripe y Navidad.<\/p>\n<p><strong>\u00bfCu\u00e1ntos empleados trabajan en la cosecha?<br \/>\n<\/strong>Durante la cosecha, Coopyfrutas cuenta con aproximadamente 1.400 empleados.<\/p>\n<p><strong>\u00bfEn que programas sociales participa Coopyfrutas?<br \/>\n<\/strong>Coopyfrutas participa en el proyecto Brasil SESC Mesa. Todas las fincas de Coopyfrutas hacen donaciones semanales de mel\u00f3n, sand\u00eda, anacardo, papaya, coco, tomate, etc.<\/p>\n<p><strong>\u00bfCu\u00e1les son las marcas desarrolladas por la empresa?<br \/>\n<\/strong>Coopyfrutas ha desarrollado las marcas de Samba, Safra Especial, Forro y Poty Doce.<\/p>\n<p><strong>\u00bfQu\u00e9 otras frutas cultivan los socios de Coopyfrutas?<br \/>\n<\/strong>Adem\u00e1s de mel\u00f3n y sand\u00eda, los socios Coopyfrutas tambi\u00e9n producen papaya, mara\u00f1\u00f3n, pl\u00e1tano, coco, tomate, Zapote, entre otras frutas.<\/p>\n<p><strong>\u00bfCuantos pozos tienen las fincas de Coopyfrutas y que capacidad de flujo tienen?<br \/>\n<\/strong>Actualmente, Coopyfrutas cuenta con 47 pozos en total, con un caudal de unos 1200 m\u00b2 \/ h, como promedio.<\/p>\n<p><strong>\u00bfCu\u00e1nto tiempo lleva Coopyfrutas exportando? \u00bfCu\u00e1l es el volumen actual?<br \/>\n<\/strong>Coopyfrutas exporta desde 2005, cuando se estableci\u00f3 la cooperativa. Actualmente, el volumen de exportaci\u00f3n es de unos 1.100 contenedores.<\/p>\n<p><strong>\u00bfC\u00f3mo se forma la numeraci\u00f3n de la trazabilidad de los productos de Coopyfrutas?<br \/>\n<\/strong>El n\u00famero de Coopyfrutas de trazabilidad consta de 8 d\u00edgitos, que se forman como sigue:<\/p>\n<table border=\"1\" width=\"100%\" cellpadding=\"10\" align=\"center\">\n<tbody>\n<tr>\n<td style=\"text-align: center;\">\u00a0<strong>PRODUCTOS<\/strong><\/td>\n<td style=\"text-align: center;\"><strong>PORCI\u00d3N\/SECTOR<\/strong><\/td>\n<td style=\"text-align: center;\"><strong>VARIEDAD<\/strong><\/td>\n<td style=\"text-align: center;\"><strong>CALENDARIO JULIANO<\/strong><\/td>\n<\/tr>\n<tr>\n<td style=\"text-align: center;\">*<\/td>\n<td style=\"text-align: center;\"><strong>***<\/strong><\/td>\n<td style=\"text-align: center;\"><strong>*<\/strong><\/td>\n<td style=\"text-align: center;\"><strong>***<\/strong><\/td>\n<\/tr>\n<tr>\n<td style=\"text-align: center;\">3 a 7<\/td>\n<td style=\"text-align: center;\">001 a 999<\/td>\n<td style=\"text-align: center;\">1 a 9<\/td>\n<td style=\"text-align: center;\">001 a 365<\/td>\n<\/tr>\n<\/tbody>\n<\/table>\n<table border=\"1\" width=\"50%\" cellpadding=\"10\" align=\"center\">\n<tbody>\n<tr>\n<td style=\"text-align: center;\" colspan=\"4\"><strong>PRODUCTOR<\/strong><\/td>\n<\/tr>\n<tr>\n<td style=\"text-align: center;\">Norfruit<\/td>\n<td style=\"text-align: center;\" colspan=\"3\">3<\/td>\n<\/tr>\n<tr>\n<td style=\"text-align: center;\">Bom Jesus<\/td>\n<td style=\"text-align: center;\" colspan=\"3\">4<\/td>\n<\/tr>\n<tr>\n<td style=\"text-align: center;\">Dinamarca<\/td>\n<td style=\"text-align: center;\" colspan=\"3\">5<\/td>\n<\/tr>\n<tr>\n<td style=\"text-align: center;\">Agr\u00edcola Jardim<\/td>\n<td style=\"text-align: center;\" colspan=\"3\">6<\/td>\n<\/tr>\n<tr>\n<td style=\"text-align: center;\">Fruta Vida<\/td>\n<td style=\"text-align: center;\" colspan=\"3\">7<\/td>\n<\/tr>\n<\/tbody>\n<\/table>\n<table border=\"1\" width=\"50%\" cellpadding=\"10\" align=\"center\">\n<tbody>\n<tr>\n<td style=\"text-align: center;\" colspan=\"4\"><strong>VARIEDAD<\/strong><\/td>\n<\/tr>\n<tr>\n<td style=\"text-align: center;\">1<\/td>\n<td style=\"text-align: center;\" colspan=\"3\">YHD<\/td>\n<\/tr>\n<tr>\n<td style=\"text-align: center;\">2<\/td>\n<td style=\"text-align: center;\" colspan=\"3\">PDS<\/td>\n<\/tr>\n<tr>\n<td style=\"text-align: center;\">3<\/td>\n<td style=\"text-align: center;\" colspan=\"3\">Orange Flesh<\/td>\n<\/tr>\n<tr>\n<td style=\"text-align: center;\">4<\/td>\n<td style=\"text-align: center;\" colspan=\"3\">Galia<\/td>\n<\/tr>\n<tr>\n<td style=\"text-align: center;\">5<\/td>\n<td style=\"text-align: center;\" colspan=\"3\">Cantaloupe Italiano<\/td>\n<\/tr>\n<tr>\n<td style=\"text-align: center;\">6<\/td>\n<td style=\"text-align: center;\" colspan=\"3\">Cantaloupe Americano<\/td>\n<\/tr>\n<tr>\n<td style=\"text-align: center;\">7<\/td>\n<td style=\"text-align: center;\" colspan=\"3\">Sand\u00eda\u00a0Com Semente<\/td>\n<\/tr>\n<tr>\n<td style=\"text-align: center;\">8<\/td>\n<td style=\"text-align: center;\" colspan=\"3\">Sand\u00eda\u00a0Sem Semente<\/td>\n<\/tr>\n<tr>\n<td style=\"text-align: center;\">9<\/td>\n<td style=\"text-align: center;\" colspan=\"3\">Sand\u00eda com Micro Sementes<\/td>\n<\/tr>\n<\/tbody>\n<\/table>\n<p><\/p>","protected":false},"excerpt":{"rendered":"<p>\u00bfEn que mercados operamos? Actualmente, Coopyfrutas opera en mercados nacionales, Ingl\u00e9s, Europa del Norte y el Mediterr\u00e1neo. \u00bfA la vista de la producci\u00f3n total, que porcentaje aproximado est\u00e1 dirigida a la exportaci\u00f3n y el mercado interno? Aproximadamente 60% de la producci\u00f3n total se destina a la exportaci\u00f3n y el 40% para el mercado interno. \u00bfCu\u00e1l [&hellip;]<\/p>\n","protected":false},"author":1,"featured_media":0,"parent":0,"menu_order":0,"comment_status":"open","ping_status":"open","template":"","meta":{"footnotes":""},"acf":[],"_links":{"self":[{"href":"https:\/\/coopyfrutas.com\/es\/wp-json\/wp\/v2\/pages\/74"}],"collection":[{"href":"https:\/\/coopyfrutas.com\/es\/wp-json\/wp\/v2\/pages"}],"about":[{"href":"https:\/\/coopyfrutas.com\/es\/wp-json\/wp\/v2\/types\/page"}],"author":[{"embeddable":true,"href":"https:\/\/coopyfrutas.com\/es\/wp-json\/wp\/v2\/users\/1"}],"replies":[{"embeddable":true,"href":"https:\/\/coopyfrutas.com\/es\/wp-json\/wp\/v2\/comments?post=74"}],"version-history":[{"count":24,"href":"https:\/\/coopyfrutas.com\/es\/wp-json\/wp\/v2\/pages\/74\/revisions"}],"predecessor-version":[{"id":308,"href":"https:\/\/coopyfrutas.com\/es\/wp-json\/wp\/v2\/pages\/74\/revisions\/308"}],"wp:attachment":[{"href":"https:\/\/coopyfrutas.com\/es\/wp-json\/wp\/v2\/media?parent=74"}],"curies":[{"name":"wp","href":"https:\/\/api.w.org\/{rel}","templated":true}]}}