{"id":61,"date":"2015-06-02T19:04:59","date_gmt":"2015-06-02T19:04:59","guid":{"rendered":"http:\/\/coopyfrutas.com\/?page_id=61"},"modified":"2015-08-05T09:49:01","modified_gmt":"2015-08-05T12:49:01","slug":"estrutura","status":"publish","type":"page","link":"https:\/\/coopyfrutas.com\/es\/estrutura\/","title":{"rendered":"Estructura"},"content":{"rendered":"<p><div id=\"attachment_117\" style=\"width: 290px\" class=\"wp-caption alignleft\"><a href=\"http:\/\/coopyfrutas.com\/wp-content\/uploads\/2015\/06\/Packing-House.jpg\"><img aria-describedby=\"caption-attachment-117\" decoding=\"async\" loading=\"lazy\" class=\" wp-image-117\" src=\"http:\/\/coopyfrutas.com\/wp-content\/uploads\/2015\/06\/Packing-House-300x225.jpg\" alt=\"Packing House\" width=\"280\" height=\"207\" \/><\/a><p id=\"caption-attachment-117\" class=\"wp-caption-text\">Packing House<\/p><\/div><\/p>\n<p>Coopyfrutas tiene un estricto control de calidad en todo el proceso de producci\u00f3n, desde la selecci\u00f3n de la fruta hasta su transporte al puerto. Nuestras empacadoras est\u00e1n equipadas con modernas m\u00e1quinas Prodol de clasificaci\u00f3n y lavado, proporcionan una mayor eficiencia y seguridad en los procedimientos realizados. Debido a la necesidad de algunas variedades de melones que se almacenan en temperatura espec\u00edfica, tenemos dos c\u00e1maras frigor\u00edficas con capacidad de almacenamiento de 300 pallets en total.<\/p>\n<div id=\"attachment_209\" style=\"width: 290px\" class=\"wp-caption alignright\"><a href=\"http:\/\/coopyfrutas.com\/wp-content\/uploads\/2015\/06\/Esta\u00e7\u00e3o-Meteorol\u00f3gica2.jpg\"><img aria-describedby=\"caption-attachment-209\" decoding=\"async\" loading=\"lazy\" class=\" wp-image-209\" src=\"http:\/\/coopyfrutas.com\/wp-content\/uploads\/2015\/06\/Esta\u00e7\u00e3o-Meteorol\u00f3gica2-300x225.jpg\" alt=\"Esta\u00e7\u00e3o Meteorol\u00f3gica\" width=\"280\" height=\"208\" \/><\/a><p id=\"caption-attachment-209\" class=\"wp-caption-text\">Esta\u00e7\u00e3o Meteorol\u00f3gica<\/p><\/div>\n<p>Con respecto a la estaci\u00f3n meteorol\u00f3gica, se encuentra en una de las propiedades y tiene un proyecto con el sitio de la Universidad Federal &#8211; UFERSA &#8211; con el fin de mantener las fincas informadas de las posibles variaciones del clima.<\/p>\n<p>Esta estructura es necesaria para que podamos desarrollar un trabajo de control de un total de 1.500 hect\u00e1reas &#8211; un aumento de alrededor del 10% anual en los \u00faltimos a\u00f1os. Todo est\u00e1 orientado a la producci\u00f3n de frutas, tanto en el mercado interior, con la marca Forro, y el mercado externo, con la marca de Samba.<\/p>\n<p>Para que todo este proceso sea efectivo, se requiere el cumplimiento de las normas laborales brasile\u00f1as, adem\u00e1s de las exigencias del mercado consumidor.<\/p>\n<p>Contamos, tambi\u00e9n, con certificaciones internacionales, que se han implementado: Global GAP, Nurture Tesco, Sedex, F2F y ETI.<\/p>\n<p><strong>Certificaciones:<\/strong><\/p>\n<p>\n\t\t<style type=\"text\/css\">\n\t\t\t#gallery-3 {\n\t\t\t\tmargin: auto;\n\t\t\t}\n\t\t\t#gallery-3 .gallery-item {\n\t\t\t\tfloat: left;\n\t\t\t\tmargin-top: 10px;\n\t\t\t\ttext-align: center;\n\t\t\t\twidth: 20%;\n\t\t\t}\n\t\t\t#gallery-3 img {\n\t\t\t\tborder: 2px solid #cfcfcf;\n\t\t\t}\n\t\t\t#gallery-3 .gallery-caption {\n\t\t\t\tmargin-left: 0;\n\t\t\t}\n\t\t\t\/* see gallery_shortcode() in wp-includes\/media.php *\/\n\t\t<\/style>\n\t\t<div id='gallery-3' class='gallery galleryid-61 gallery-columns-5 gallery-size-full'><dl class='gallery-item'>\n\t\t\t<dt class='gallery-icon landscape'>\n\t\t\t\t<img width=\"285\" height=\"80\" src=\"https:\/\/coopyfrutas.com\/wp-content\/uploads\/2015\/06\/ethical.png\" class=\"attachment-full size-full\" alt=\"\" decoding=\"async\" loading=\"lazy\" \/>\n\t\t\t<\/dt><\/dl><dl class='gallery-item'>\n\t\t\t<dt class='gallery-icon landscape'>\n\t\t\t\t<img width=\"285\" height=\"80\" src=\"https:\/\/coopyfrutas.com\/wp-content\/uploads\/2015\/06\/mes.png\" class=\"attachment-full size-full\" alt=\"\" decoding=\"async\" loading=\"lazy\" \/>\n\t\t\t<\/dt><\/dl><dl class='gallery-item'>\n\t\t\t<dt class='gallery-icon landscape'>\n\t\t\t\t<img width=\"285\" height=\"80\" src=\"https:\/\/coopyfrutas.com\/wp-content\/uploads\/2015\/06\/sedex.png\" class=\"attachment-full size-full\" alt=\"\" decoding=\"async\" loading=\"lazy\" \/>\n\t\t\t<\/dt><\/dl><dl class='gallery-item'>\n\t\t\t<dt class='gallery-icon landscape'>\n\t\t\t\t<img width=\"285\" height=\"80\" src=\"https:\/\/coopyfrutas.com\/wp-content\/uploads\/2015\/06\/tesco.png\" class=\"attachment-full size-full\" alt=\"\" decoding=\"async\" loading=\"lazy\" \/>\n\t\t\t<\/dt><\/dl><dl class='gallery-item'>\n\t\t\t<dt class='gallery-icon landscape'>\n\t\t\t\t<img width=\"285\" height=\"80\" src=\"https:\/\/coopyfrutas.com\/wp-content\/uploads\/2015\/06\/gap.jpg\" class=\"attachment-full size-full\" alt=\"\" decoding=\"async\" loading=\"lazy\" \/>\n\t\t\t<\/dt><\/dl><br style=\"clear: both\" \/>\n\t\t<\/div>\n<\/p>","protected":false},"excerpt":{"rendered":"<p>Coopyfrutas tiene un estricto control de calidad en todo el proceso de producci\u00f3n, desde la selecci\u00f3n de la fruta hasta su transporte al puerto. Nuestras empacadoras est\u00e1n equipadas con modernas m\u00e1quinas Prodol de clasificaci\u00f3n y lavado, proporcionan una mayor eficiencia y seguridad en los procedimientos realizados. Debido a la necesidad de algunas variedades de melones [&hellip;]<\/p>\n","protected":false},"author":1,"featured_media":0,"parent":0,"menu_order":0,"comment_status":"open","ping_status":"open","template":"","meta":{"footnotes":""},"acf":[],"_links":{"self":[{"href":"https:\/\/coopyfrutas.com\/es\/wp-json\/wp\/v2\/pages\/61"}],"collection":[{"href":"https:\/\/coopyfrutas.com\/es\/wp-json\/wp\/v2\/pages"}],"about":[{"href":"https:\/\/coopyfrutas.com\/es\/wp-json\/wp\/v2\/types\/page"}],"author":[{"embeddable":true,"href":"https:\/\/coopyfrutas.com\/es\/wp-json\/wp\/v2\/users\/1"}],"replies":[{"embeddable":true,"href":"https:\/\/coopyfrutas.com\/es\/wp-json\/wp\/v2\/comments?post=61"}],"version-history":[{"count":41,"href":"https:\/\/coopyfrutas.com\/es\/wp-json\/wp\/v2\/pages\/61\/revisions"}],"predecessor-version":[{"id":306,"href":"https:\/\/coopyfrutas.com\/es\/wp-json\/wp\/v2\/pages\/61\/revisions\/306"}],"wp:attachment":[{"href":"https:\/\/coopyfrutas.com\/es\/wp-json\/wp\/v2\/media?parent=61"}],"curies":[{"name":"wp","href":"https:\/\/api.w.org\/{rel}","templated":true}]}}