{"id":61,"date":"2015-06-02T19:04:59","date_gmt":"2015-06-02T19:04:59","guid":{"rendered":"http:\/\/coopyfrutas.com\/?page_id=61"},"modified":"2015-08-05T09:49:01","modified_gmt":"2015-08-05T12:49:01","slug":"estrutura","status":"publish","type":"page","link":"https:\/\/coopyfrutas.com\/en\/estrutura\/","title":{"rendered":"Structure"},"content":{"rendered":"<p><div id=\"attachment_117\" style=\"width: 290px\" class=\"wp-caption alignleft\"><a href=\"http:\/\/coopyfrutas.com\/wp-content\/uploads\/2015\/06\/Packing-House.jpg\"><img aria-describedby=\"caption-attachment-117\" decoding=\"async\" loading=\"lazy\" class=\" wp-image-117\" src=\"http:\/\/coopyfrutas.com\/wp-content\/uploads\/2015\/06\/Packing-House-300x225.jpg\" alt=\"Packing House\" width=\"280\" height=\"207\" \/><\/a><p id=\"caption-attachment-117\" class=\"wp-caption-text\">Packing House<\/p><\/div><\/p>\n<p>Coopyfrutas has a strict quality control in the whole process of production, from the selection of the fruit to its transport to the port. Our Packing Houses are equipped with modern sorting and washing Prodol brand machines, they bring more efficiency and safety in the procedures performed. Due to some melon varieties\u2019 need for being stored in specific temperature, we have two cold chambers with storage capacity of 300 pallets in total.<\/p>\n<div id=\"attachment_209\" style=\"width: 290px\" class=\"wp-caption alignright\"><a href=\"http:\/\/coopyfrutas.com\/wp-content\/uploads\/2015\/06\/Esta\u00e7\u00e3o-Meteorol\u00f3gica2.jpg\"><img aria-describedby=\"caption-attachment-209\" decoding=\"async\" loading=\"lazy\" class=\" wp-image-209\" src=\"http:\/\/coopyfrutas.com\/wp-content\/uploads\/2015\/06\/Esta\u00e7\u00e3o-Meteorol\u00f3gica2-300x225.jpg\" alt=\"Esta\u00e7\u00e3o Meteorol\u00f3gica\" width=\"280\" height=\"208\" \/><\/a><p id=\"caption-attachment-209\" class=\"wp-caption-text\">Esta\u00e7\u00e3o Meteorol\u00f3gica<\/p><\/div>\n<p>Regarding to the weather station, it is located in one of the properties and there is a project with the local Federal University &#8211; UFERSA &#8211; in order to keep the farms informed of possible climate variations.<\/p>\n<p>This structure is necessary for us to develop a work of controlling a total of 1500 hectares \u2013 with an increase of about 10% annually in recent years. Everything is geared to the production of fruits, both the domestic market, with Forro, and the external market, with Samba brands.<\/p>\n<p>For all this process to become effective, compliance with Brazilian labor standards is necessary, besides the consumer market requirements.<\/p>\n<p>We also count on international certifications, which we have implemented Global GAP, Tesco Nurture, Sedex, F2F and ETI.<\/p>\n<p><strong>Certifications:<\/strong><\/p>\n<p>\n\t\t<style type=\"text\/css\">\n\t\t\t#gallery-2 {\n\t\t\t\tmargin: auto;\n\t\t\t}\n\t\t\t#gallery-2 .gallery-item {\n\t\t\t\tfloat: left;\n\t\t\t\tmargin-top: 10px;\n\t\t\t\ttext-align: center;\n\t\t\t\twidth: 20%;\n\t\t\t}\n\t\t\t#gallery-2 img {\n\t\t\t\tborder: 2px solid #cfcfcf;\n\t\t\t}\n\t\t\t#gallery-2 .gallery-caption {\n\t\t\t\tmargin-left: 0;\n\t\t\t}\n\t\t\t\/* see gallery_shortcode() in wp-includes\/media.php *\/\n\t\t<\/style>\n\t\t<div id='gallery-2' class='gallery galleryid-61 gallery-columns-5 gallery-size-full'><dl class='gallery-item'>\n\t\t\t<dt class='gallery-icon landscape'>\n\t\t\t\t<img width=\"285\" height=\"80\" src=\"https:\/\/coopyfrutas.com\/wp-content\/uploads\/2015\/06\/ethical.png\" class=\"attachment-full size-full\" alt=\"\" decoding=\"async\" loading=\"lazy\" \/>\n\t\t\t<\/dt><\/dl><dl class='gallery-item'>\n\t\t\t<dt class='gallery-icon landscape'>\n\t\t\t\t<img width=\"285\" height=\"80\" src=\"https:\/\/coopyfrutas.com\/wp-content\/uploads\/2015\/06\/mes.png\" class=\"attachment-full size-full\" alt=\"\" decoding=\"async\" loading=\"lazy\" \/>\n\t\t\t<\/dt><\/dl><dl class='gallery-item'>\n\t\t\t<dt class='gallery-icon landscape'>\n\t\t\t\t<img width=\"285\" height=\"80\" src=\"https:\/\/coopyfrutas.com\/wp-content\/uploads\/2015\/06\/sedex.png\" class=\"attachment-full size-full\" alt=\"\" decoding=\"async\" loading=\"lazy\" \/>\n\t\t\t<\/dt><\/dl><dl class='gallery-item'>\n\t\t\t<dt class='gallery-icon landscape'>\n\t\t\t\t<img width=\"285\" height=\"80\" src=\"https:\/\/coopyfrutas.com\/wp-content\/uploads\/2015\/06\/tesco.png\" class=\"attachment-full size-full\" alt=\"\" decoding=\"async\" loading=\"lazy\" \/>\n\t\t\t<\/dt><\/dl><dl class='gallery-item'>\n\t\t\t<dt class='gallery-icon landscape'>\n\t\t\t\t<img width=\"285\" height=\"80\" src=\"https:\/\/coopyfrutas.com\/wp-content\/uploads\/2015\/06\/gap.jpg\" class=\"attachment-full size-full\" alt=\"\" decoding=\"async\" loading=\"lazy\" \/>\n\t\t\t<\/dt><\/dl><br style=\"clear: both\" \/>\n\t\t<\/div>\n<\/p>","protected":false},"excerpt":{"rendered":"<p>Coopyfrutas has a strict quality control in the whole process of production, from the selection of the fruit to its transport to the port. Our Packing Houses are equipped with modern sorting and washing Prodol brand machines, they bring more efficiency and safety in the procedures performed. Due to some melon varieties\u2019 need for being [&hellip;]<\/p>\n","protected":false},"author":1,"featured_media":0,"parent":0,"menu_order":0,"comment_status":"open","ping_status":"open","template":"","meta":{"footnotes":""},"acf":[],"_links":{"self":[{"href":"https:\/\/coopyfrutas.com\/en\/wp-json\/wp\/v2\/pages\/61"}],"collection":[{"href":"https:\/\/coopyfrutas.com\/en\/wp-json\/wp\/v2\/pages"}],"about":[{"href":"https:\/\/coopyfrutas.com\/en\/wp-json\/wp\/v2\/types\/page"}],"author":[{"embeddable":true,"href":"https:\/\/coopyfrutas.com\/en\/wp-json\/wp\/v2\/users\/1"}],"replies":[{"embeddable":true,"href":"https:\/\/coopyfrutas.com\/en\/wp-json\/wp\/v2\/comments?post=61"}],"version-history":[{"count":41,"href":"https:\/\/coopyfrutas.com\/en\/wp-json\/wp\/v2\/pages\/61\/revisions"}],"predecessor-version":[{"id":306,"href":"https:\/\/coopyfrutas.com\/en\/wp-json\/wp\/v2\/pages\/61\/revisions\/306"}],"wp:attachment":[{"href":"https:\/\/coopyfrutas.com\/en\/wp-json\/wp\/v2\/media?parent=61"}],"curies":[{"name":"wp","href":"https:\/\/api.w.org\/{rel}","templated":true}]}}