{"id":72,"date":"2015-06-02T20:14:01","date_gmt":"2015-06-02T20:14:01","guid":{"rendered":"http:\/\/coopyfrutas.com\/?page_id=72"},"modified":"2015-08-03T09:39:05","modified_gmt":"2015-08-03T12:39:05","slug":"responsabilidades","status":"publish","type":"page","link":"http:\/\/coopyfrutas.com\/es\/responsabilidades\/","title":{"rendered":"Responsabilidades"},"content":{"rendered":"<p>Nuestra responsabilidad hacia la sociedad se divide en: la responsabilidad social y responsabilidad ambiental.<\/p>\n<p>Con respecto a la responsabilidad social, somos parte del proyecto Sesc Mesa Brasil, donde todas las fincas de Coopyfrutas donan fruta semanalmente. Adem\u00e1s de promover la econom\u00eda, la creaci\u00f3n de empleos en la regi\u00f3n y contribuir al crecimiento de la producci\u00f3n de frutas.<\/p>\n<p>En el caso de la responsabilidad ambiental, Coopyfrutas, consciente de la importancia de preservar el medio ambiente, el mantenimiento de proyectos ambientales en todas las unidades, todos los residuos generados en el proceso, desde la siembra hasta el env\u00edo, se reciclan. Cumplimos con la legislaci\u00f3n brasile\u00f1a de Medio Ambiente, conservando el 20% del \u00e1rea total de bosque nativo. Adem\u00e1s, animamos a la repoblaci\u00f3n de la fauna colocando alimentadores en el \u00e1rea preservado. Todas las unidades disponen de licencia para la explotaci\u00f3n de la tierra y el agua en la regi\u00f3n. Tambi\u00e9n hemos desarrollado un control biol\u00f3gico en colaboraci\u00f3n con la Universidad Federal (UFERSA) y el Instituto de Investigaci\u00f3n (EMBRAPA).<\/p>\n<p>&nbsp;<\/p>","protected":false},"excerpt":{"rendered":"<p>Nuestra responsabilidad hacia la sociedad se divide en: la responsabilidad social y responsabilidad ambiental. Con respecto a la responsabilidad social, somos parte del proyecto Sesc Mesa Brasil, donde todas las fincas de Coopyfrutas donan fruta semanalmente. Adem\u00e1s de promover la econom\u00eda, la creaci\u00f3n de empleos en la regi\u00f3n y contribuir al crecimiento de la producci\u00f3n [&hellip;]<\/p>\n","protected":false},"author":1,"featured_media":0,"parent":0,"menu_order":0,"comment_status":"open","ping_status":"open","template":"","meta":{"footnotes":""},"acf":[],"_links":{"self":[{"href":"http:\/\/coopyfrutas.com\/es\/wp-json\/wp\/v2\/pages\/72"}],"collection":[{"href":"http:\/\/coopyfrutas.com\/es\/wp-json\/wp\/v2\/pages"}],"about":[{"href":"http:\/\/coopyfrutas.com\/es\/wp-json\/wp\/v2\/types\/page"}],"author":[{"embeddable":true,"href":"http:\/\/coopyfrutas.com\/es\/wp-json\/wp\/v2\/users\/1"}],"replies":[{"embeddable":true,"href":"http:\/\/coopyfrutas.com\/es\/wp-json\/wp\/v2\/comments?post=72"}],"version-history":[{"count":7,"href":"http:\/\/coopyfrutas.com\/es\/wp-json\/wp\/v2\/pages\/72\/revisions"}],"predecessor-version":[{"id":292,"href":"http:\/\/coopyfrutas.com\/es\/wp-json\/wp\/v2\/pages\/72\/revisions\/292"}],"wp:attachment":[{"href":"http:\/\/coopyfrutas.com\/es\/wp-json\/wp\/v2\/media?parent=72"}],"curies":[{"name":"wp","href":"https:\/\/api.w.org\/{rel}","templated":true}]}}