{"id":30,"date":"2015-06-02T17:43:16","date_gmt":"2015-06-02T17:43:16","guid":{"rendered":"http:\/\/coopyfrutas.com\/?page_id=30"},"modified":"2015-08-05T09:29:54","modified_gmt":"2015-08-05T12:29:54","slug":"sobre-nos","status":"publish","type":"page","link":"http:\/\/coopyfrutas.com\/es\/sobre-nos\/","title":{"rendered":"Quienes somos"},"content":{"rendered":"<p>En 2005, se fund\u00f3 COOPYFRUTAS &#8211; Cooperativa de Fruticultores da Bacia Potiguar, con el fin de hacer el grupo competitivo en el mercado internacional de frutas. En su marco organizativo, Coopyfrutas se divide en: gerencia, asesoramiento empresarial y asesoramiento Financiero. Tenemos como presidente Jos\u00e9 Heliton Severo Almeida, vice-presidente Ajax Dantas de Gois Filho, y como asesores Jo\u00e3o Manuel L\u00f3pez Lima y Ivanosca Martins de Oliveira Cunha.<\/p>\n<p>Nuestra filosof\u00eda de trabajo es sobresalir por servir bien a nuestros clientes. Nuestra misi\u00f3n, siguiendo los principios de la \u00e9tica y la moralidad, la exportaci\u00f3n excelentes productos de calidad que cumplan las buenas pr\u00e1cticas agr\u00edcolas, respetando las normas y el medio ambiente, siendo digna con sus empleados y los requisitos de los clientes leales, garantizar la seguridad alimentaria. Nuestro objetivo es ser un punto de referencia nacional e internacional en la calidad y la exportaci\u00f3n, de manera \u00e9tica y responsable, comprometida con los principios del cooperativismo.<\/p>\n<p>Tenemos una estructura de cinco fincas independientes, cuatro de los cuales son administrad por el productor respectivo, cuyos nombres se han mencionado ya anteriormente, adem\u00e1s de tener una finca en com\u00fan. Totalizando as\u00ed cinco empacadoras, dos c\u00e1maras de fr\u00edo y una estaci\u00f3n meteorol\u00f3gica.<\/p>","protected":false},"excerpt":{"rendered":"<p>En 2005, se fund\u00f3 COOPYFRUTAS &#8211; Cooperativa de Fruticultores da Bacia Potiguar, con el fin de hacer el grupo competitivo en el mercado internacional de frutas. En su marco organizativo, Coopyfrutas se divide en: gerencia, asesoramiento empresarial y asesoramiento Financiero. Tenemos como presidente Jos\u00e9 Heliton Severo Almeida, vice-presidente Ajax Dantas de Gois Filho, y como [&hellip;]<\/p>\n","protected":false},"author":1,"featured_media":0,"parent":0,"menu_order":0,"comment_status":"open","ping_status":"open","template":"page-quem_somos.php","meta":{"footnotes":""},"acf":[],"_links":{"self":[{"href":"http:\/\/coopyfrutas.com\/es\/wp-json\/wp\/v2\/pages\/30"}],"collection":[{"href":"http:\/\/coopyfrutas.com\/es\/wp-json\/wp\/v2\/pages"}],"about":[{"href":"http:\/\/coopyfrutas.com\/es\/wp-json\/wp\/v2\/types\/page"}],"author":[{"embeddable":true,"href":"http:\/\/coopyfrutas.com\/es\/wp-json\/wp\/v2\/users\/1"}],"replies":[{"embeddable":true,"href":"http:\/\/coopyfrutas.com\/es\/wp-json\/wp\/v2\/comments?post=30"}],"version-history":[{"count":11,"href":"http:\/\/coopyfrutas.com\/es\/wp-json\/wp\/v2\/pages\/30\/revisions"}],"predecessor-version":[{"id":300,"href":"http:\/\/coopyfrutas.com\/es\/wp-json\/wp\/v2\/pages\/30\/revisions\/300"}],"wp:attachment":[{"href":"http:\/\/coopyfrutas.com\/es\/wp-json\/wp\/v2\/media?parent=30"}],"curies":[{"name":"wp","href":"https:\/\/api.w.org\/{rel}","templated":true}]}}